{"id":467,"date":"2024-07-15T07:03:00","date_gmt":"2024-07-15T07:03:00","guid":{"rendered":"https:\/\/herreos.4kmanagement.de\/?page_id=467"},"modified":"2025-02-13T19:26:02","modified_gmt":"2025-02-13T19:26:02","slug":"unternehmen-2","status":"publish","type":"page","link":"https:\/\/herreos.4kmanagement.de\/?page_id=467","title":{"rendered":"Unternehmen"},"content":{"rendered":"\t\t<div data-elementor-type=\"wp-page\" data-elementor-id=\"467\" class=\"elementor elementor-467\" data-elementor-post-type=\"page\">\n\t\t\t\t<div class=\"elementor-element elementor-element-6547c022 e-flex e-con-boxed e-con e-parent\" data-id=\"6547c022\" data-element_type=\"container\" data-e-type=\"container\" data-settings=\"{&quot;background_background&quot;:&quot;classic&quot;}\">\n\t\t\t\t\t<div class=\"e-con-inner\">\n\t\t\t\t<div class=\"elementor-element elementor-element-3aeedd23 elementor-widget elementor-widget-heading\" data-id=\"3aeedd23\" data-element_type=\"widget\" data-e-type=\"widget\" data-widget_type=\"heading.default\">\n\t\t\t\t<div class=\"elementor-widget-container\">\n\t\t\t\t\t<h1 class=\"elementor-heading-title elementor-size-default\">UNSER<\/h1>\t\t\t\t<\/div>\n\t\t\t\t<\/div>\n\t\t\t\t<div class=\"elementor-element elementor-element-21750f18 elementor-widget elementor-widget-heading\" data-id=\"21750f18\" data-element_type=\"widget\" data-e-type=\"widget\" data-widget_type=\"heading.default\">\n\t\t\t\t<div class=\"elementor-widget-container\">\n\t\t\t\t\t<h2 class=\"elementor-heading-title elementor-size-default\">UNTERNEHMEN<\/h2>\t\t\t\t<\/div>\n\t\t\t\t<\/div>\n\t\t\t\t<div class=\"elementor-element elementor-element-4f778f84 elementor-widget elementor-widget-spacer\" data-id=\"4f778f84\" data-element_type=\"widget\" data-e-type=\"widget\" data-widget_type=\"spacer.default\">\n\t\t\t\t<div class=\"elementor-widget-container\">\n\t\t\t\t\t\t\t<div class=\"elementor-spacer\">\n\t\t\t<div class=\"elementor-spacer-inner\"><\/div>\n\t\t<\/div>\n\t\t\t\t\t\t<\/div>\n\t\t\t\t<\/div>\n\t\t\t\t\t<\/div>\n\t\t\t\t<\/div>\n\t\t<div class=\"elementor-element elementor-element-d24d4c2 e-con-full e-flex e-con e-parent\" data-id=\"d24d4c2\" data-element_type=\"container\" data-e-type=\"container\">\n\t\t\t\t<div class=\"elementor-element elementor-element-b1db815 elementor-widget elementor-widget-image\" data-id=\"b1db815\" data-element_type=\"widget\" data-e-type=\"widget\" data-widget_type=\"image.default\">\n\t\t\t\t<div class=\"elementor-widget-container\">\n\t\t\t\t\t\t\t\t\t\t\t\t\t\t\t<img fetchpriority=\"high\" decoding=\"async\" width=\"1024\" height=\"504\" src=\"https:\/\/herreos.4kmanagement.de\/wp-content\/uploads\/2024\/07\/familie-1-1-1024x504.jpg\" class=\"attachment-large size-large wp-image-470\" alt=\"Managing director\" srcset=\"https:\/\/herreos.4kmanagement.de\/wp-content\/uploads\/2024\/07\/familie-1-1-1024x504.jpg 1024w, https:\/\/herreos.4kmanagement.de\/wp-content\/uploads\/2024\/07\/familie-1-1-300x148.jpg 300w, https:\/\/herreos.4kmanagement.de\/wp-content\/uploads\/2024\/07\/familie-1-1-768x378.jpg 768w, https:\/\/herreos.4kmanagement.de\/wp-content\/uploads\/2024\/07\/familie-1-1-1536x756.jpg 1536w, https:\/\/herreos.4kmanagement.de\/wp-content\/uploads\/2024\/07\/familie-1-1-2048x1008.jpg 2048w\" sizes=\"(max-width: 1024px) 100vw, 1024px\" \/>\t\t\t\t\t\t\t\t\t\t\t\t\t\t\t<\/div>\n\t\t\t\t<\/div>\n\t\t\t\t<\/div>\n\t\t<div class=\"elementor-element elementor-element-272d9776 e-flex e-con-boxed e-con e-parent\" data-id=\"272d9776\" data-element_type=\"container\" data-e-type=\"container\" data-settings=\"{&quot;background_background&quot;:&quot;classic&quot;}\">\n\t\t\t\t\t<div class=\"e-con-inner\">\n\t\t\t\t<div class=\"elementor-element elementor-element-a00e0f0 elementor-widget elementor-widget-heading\" data-id=\"a00e0f0\" data-element_type=\"widget\" data-e-type=\"widget\" data-widget_type=\"heading.default\">\n\t\t\t\t<div class=\"elementor-widget-container\">\n\t\t\t\t\t<h2 class=\"elementor-heading-title elementor-size-default\">FAMILIENGESCH\u00c4FT<\/h2>\t\t\t\t<\/div>\n\t\t\t\t<\/div>\n\t\t\t\t<div class=\"elementor-element elementor-element-e0c65eb elementor-widget elementor-widget-text-editor\" data-id=\"e0c65eb\" data-element_type=\"widget\" data-e-type=\"widget\" data-widget_type=\"text-editor.default\">\n\t\t\t\t<div class=\"elementor-widget-container\">\n\t\t\t\t\t\t\t\t\t<p>Erfolg ist immer eine Teamleistung. Bei HERREOS Aviation zudem eine famili\u00e4re. Neben Eberhard Herrs Kompetenz und Erfahrung als Managing Partner diverser Luftfahrtunternehmen und als Pilot aus \u00fcber 8.000 erfolgreichen Flugstunden komplettiert seine Frau Sigrid Herr als erfahrene Juristin die F\u00fchrungsebene des Unternehmens.<\/p><p>Die vorhandene Liebe zur Fliegerei und die fachliche Qualifikation des HERREOS Aviation-Teams sind Voraussetzung f\u00fcr die Gegenwart und Zukunft des Unternehmens.<\/p><p>Grundlegend ist das gemeinsam gelebte Werteverst\u00e4ndnis: Aufrichtigkeit, Verbindlichkeit und Menschlichkeit. Und daran lassen sich die Menschen des Unternehmens HERREOS Aviation gerne messen.<\/p>\t\t\t\t\t\t\t\t<\/div>\n\t\t\t\t<\/div>\n\t\t\t\t\t<\/div>\n\t\t\t\t<\/div>\n\t\t<div class=\"elementor-element elementor-element-25a7f29f e-flex e-con-boxed e-con e-parent\" data-id=\"25a7f29f\" data-element_type=\"container\" data-e-type=\"container\" data-settings=\"{&quot;background_background&quot;:&quot;classic&quot;}\">\n\t\t\t\t\t<div class=\"e-con-inner\">\n\t\t<div class=\"elementor-element elementor-element-2081aa17 e-con-full e-flex e-con e-child\" data-id=\"2081aa17\" data-element_type=\"container\" data-e-type=\"container\">\n\t\t\t\t<div class=\"elementor-element elementor-element-396ac00b elementor-widget elementor-widget-heading\" data-id=\"396ac00b\" data-element_type=\"widget\" data-e-type=\"widget\" data-widget_type=\"heading.default\">\n\t\t\t\t<div class=\"elementor-widget-container\">\n\t\t\t\t\t<h2 class=\"elementor-heading-title elementor-size-default\">WIR BERATEN SIE GERNE<\/h2>\t\t\t\t<\/div>\n\t\t\t\t<\/div>\n\t\t\t\t<\/div>\n\t\t<a class=\"elementor-element elementor-element-746e6550 e-con-full e-flex e-con e-child\" data-id=\"746e6550\" data-element_type=\"container\" data-e-type=\"container\" href=\"https:\/\/herreos.4kmanagement.de\/?page_id=550\">\n\t\t\t\t<div class=\"elementor-element elementor-element-22aa9841 elementor-widget elementor-widget-heading\" data-id=\"22aa9841\" data-element_type=\"widget\" data-e-type=\"widget\" data-widget_type=\"heading.default\">\n\t\t\t\t<div class=\"elementor-widget-container\">\n\t\t\t\t\t<h2 class=\"elementor-heading-title elementor-size-default\">KONTAKTIEREN SIE UNS <\/h2>\t\t\t\t<\/div>\n\t\t\t\t<\/div>\n\t\t\t\t<div class=\"elementor-element elementor-element-17acd49a e-transform e-transform elementor-invisible elementor-widget elementor-widget-heading\" data-id=\"17acd49a\" data-element_type=\"widget\" data-e-type=\"widget\" data-settings=\"{&quot;_animation&quot;:&quot;bounceIn&quot;,&quot;_transform_scale_effect&quot;:{&quot;unit&quot;:&quot;px&quot;,&quot;size&quot;:1,&quot;sizes&quot;:[]},&quot;_transform_translateX_effect_hover&quot;:{&quot;unit&quot;:&quot;px&quot;,&quot;size&quot;:24,&quot;sizes&quot;:[]},&quot;_transform_scale_effect_tablet&quot;:{&quot;unit&quot;:&quot;px&quot;,&quot;size&quot;:&quot;&quot;,&quot;sizes&quot;:[]},&quot;_transform_scale_effect_mobile&quot;:{&quot;unit&quot;:&quot;px&quot;,&quot;size&quot;:&quot;&quot;,&quot;sizes&quot;:[]},&quot;_transform_translateX_effect_hover_tablet&quot;:{&quot;unit&quot;:&quot;px&quot;,&quot;size&quot;:&quot;&quot;,&quot;sizes&quot;:[]},&quot;_transform_translateX_effect_hover_mobile&quot;:{&quot;unit&quot;:&quot;px&quot;,&quot;size&quot;:&quot;&quot;,&quot;sizes&quot;:[]},&quot;_transform_translateY_effect_hover&quot;:{&quot;unit&quot;:&quot;px&quot;,&quot;size&quot;:&quot;&quot;,&quot;sizes&quot;:[]},&quot;_transform_translateY_effect_hover_tablet&quot;:{&quot;unit&quot;:&quot;px&quot;,&quot;size&quot;:&quot;&quot;,&quot;sizes&quot;:[]},&quot;_transform_translateY_effect_hover_mobile&quot;:{&quot;unit&quot;:&quot;px&quot;,&quot;size&quot;:&quot;&quot;,&quot;sizes&quot;:[]}}\" data-widget_type=\"heading.default\">\n\t\t\t\t<div class=\"elementor-widget-container\">\n\t\t\t\t\t<h2 class=\"elementor-heading-title elementor-size-default\"><span>\u2192<\/span><\/h2>\t\t\t\t<\/div>\n\t\t\t\t<\/div>\n\t\t\t\t<\/a>\n\t\t\t\t\t<\/div>\n\t\t\t\t<\/div>\n\t\t\t\t<\/div>\n\t\t","protected":false},"excerpt":{"rendered":"<p>UNSER UNTERNEHMEN FAMILIENGESCH\u00c4FT Erfolg ist immer eine Teamleistung. Bei HERREOS Aviation zudem eine famili\u00e4re. Neben Eberhard Herrs Kompetenz und Erfahrung als Managing Partner diverser Luftfahrtunternehmen und als Pilot aus \u00fcber 8.000 erfolgreichen Flugstunden komplettiert seine Frau Sigrid Herr als erfahrene Juristin die F\u00fchrungsebene des Unternehmens. Die vorhandene Liebe zur Fliegerei und die fachliche Qualifikation des [&hellip;]<\/p>\n","protected":false},"author":1,"featured_media":0,"parent":0,"menu_order":0,"comment_status":"closed","ping_status":"closed","template":"elementor_header_footer","meta":{"footnotes":""},"class_list":["post-467","page","type-page","status-publish","hentry"],"blocksy_meta":[],"_links":{"self":[{"href":"https:\/\/herreos.4kmanagement.de\/index.php?rest_route=\/wp\/v2\/pages\/467","targetHints":{"allow":["GET"]}}],"collection":[{"href":"https:\/\/herreos.4kmanagement.de\/index.php?rest_route=\/wp\/v2\/pages"}],"about":[{"href":"https:\/\/herreos.4kmanagement.de\/index.php?rest_route=\/wp\/v2\/types\/page"}],"author":[{"embeddable":true,"href":"https:\/\/herreos.4kmanagement.de\/index.php?rest_route=\/wp\/v2\/users\/1"}],"replies":[{"embeddable":true,"href":"https:\/\/herreos.4kmanagement.de\/index.php?rest_route=%2Fwp%2Fv2%2Fcomments&post=467"}],"version-history":[{"count":14,"href":"https:\/\/herreos.4kmanagement.de\/index.php?rest_route=\/wp\/v2\/pages\/467\/revisions"}],"predecessor-version":[{"id":698,"href":"https:\/\/herreos.4kmanagement.de\/index.php?rest_route=\/wp\/v2\/pages\/467\/revisions\/698"}],"wp:attachment":[{"href":"https:\/\/herreos.4kmanagement.de\/index.php?rest_route=%2Fwp%2Fv2%2Fmedia&parent=467"}],"curies":[{"name":"wp","href":"https:\/\/api.w.org\/{rel}","templated":true}]}}